{"id":2,"date":"2015-04-22T08:30:08","date_gmt":"2015-04-22T06:30:08","guid":{"rendered":"http:\/\/ich-echo.de\/?page_id=2"},"modified":"2021-05-04T18:05:53","modified_gmt":"2021-05-04T16:05:53","slug":"kontakt-impressum","status":"publish","type":"page","link":"https:\/\/ich-echo.de\/en\/kontakt-impressum\/","title":{"rendered":"Contact"},"content":{"rendered":"<p><\/p>\n<h2>Imprint<\/h2>\n<p>Cora A. Schwindt<br \/>\nTi-Amo.dance\/ ich-echo.de<br \/>\nRudolf-Binding-Weg 17<br \/>\n63303 Dreieich-Buchschlag<br \/>\nGermany<\/p>\n<p>Tel: +49 (0)6103 \u2013 61779<br \/>\nEmail: <a href=\"mailto:info@ich-echo.de?subject=[ich-echo\/en]%20\" target=\"_blank\" rel=\"noopener\">info@ich-echo.de<\/a><br \/>\nInternet: www.ti-amo.dance\/ <a href=\"\/\/www.ich-echo.de\/\">www.ich-echo.de<\/a>, <a href=\"https:\/\/www.facebook.com\/cora.schwindt\" target=\"_blank\" rel=\"noopener\">Facebook<\/a>, <a href=\"https:\/\/www.youtube.com\/user\/ALIBRAwhow\" target=\"_blank\" rel=\"noopener\">Youtube<\/a>, <a href=\"https:\/\/www.linkedin.com\/profile\/view?id=174420379\" target=\"_blank\" rel=\"noopener\">Linkedin<\/a>, <a href=\"https:\/\/plus.google.com\/113830083722839760324\" target=\"_blank\" rel=\"noopener\">Google+<\/a><\/p>\n<p>Vertretungsberechtigte Gesch\u00e4ftsf\u00fchrerin: Cora A. Schwindt<br \/>\nRegistergericht:<br \/>\nRegisternummer:<br \/>\nSt.Nr: 028-868\/61252<\/p>\n<p>Inhaltlich Verantwortlicher gem\u00e4\u00df \u00a7 55 Absatz 2 RStV: Cora A. Schwindt\u00a0(Anschrift wie oben)<\/p>\n<h3>Haftungshinweis:<\/h3>\n<p>Trotz sorgf\u00e4ltiger inhaltlicher Kontrolle \u00fcbernehmen wir keine Haftung\u00a0f\u00fcr die Inhalte externer Links. F\u00fcr den Inhalt der verlinkten Seiten\u00a0sind ausschlie\u00dflich deren Betreiber verantwortlich.<\/p>\n<h3>Urheberrecht:<\/h3>\n<p>Die gestalteten Texte und Bilder der Internetpr\u00e4senz sind urheberrechtlich gesch\u00fctzt. Eine unbefugte Verwendung unter Anma\u00dfung der Autorenschaft kann rechtlich verfolgt werden.<\/p>","protected":false},"excerpt":{"rendered":"<p>Imprint Cora A. Schwindt Ti-Amo.dance\/ ich-echo.de Rudolf-Binding-Weg 17 63303 Dreieich-Buchschlag Germany Tel: +49 (0)6103 \u2013 61779 Email: info@ich-echo.de Internet: www.ti-amo.dance\/ www.ich-echo.de, Facebook, Youtube, Linkedin, Google+ Vertretungsberechtigte Gesch\u00e4ftsf\u00fchrerin: Cora A. Schwindt Registergericht: Registernummer: St.Nr: 028-868\/61252 Inhaltlich Verantwortlicher gem\u00e4\u00df \u00a7 55 Absatz 2 RStV: Cora A. Schwindt\u00a0(Anschrift wie oben) Haftungshinweis: Trotz sorgf\u00e4ltiger inhaltlicher Kontrolle \u00fcbernehmen wir keine &hellip; <a href=\"https:\/\/ich-echo.de\/en\/kontakt-impressum\/\" class=\"more-link\">Continue reading <span class=\"screen-reader-text\">Contact<\/span><\/a><\/p>\n","protected":false},"author":2,"featured_media":105,"parent":0,"menu_order":0,"comment_status":"closed","ping_status":"closed","template":"","meta":{"footnotes":""},"class_list":["post-2","page","type-page","status-publish","has-post-thumbnail","hentry"],"_links":{"self":[{"href":"https:\/\/ich-echo.de\/en\/wp-json\/wp\/v2\/pages\/2","targetHints":{"allow":["GET"]}}],"collection":[{"href":"https:\/\/ich-echo.de\/en\/wp-json\/wp\/v2\/pages"}],"about":[{"href":"https:\/\/ich-echo.de\/en\/wp-json\/wp\/v2\/types\/page"}],"author":[{"embeddable":true,"href":"https:\/\/ich-echo.de\/en\/wp-json\/wp\/v2\/users\/2"}],"replies":[{"embeddable":true,"href":"https:\/\/ich-echo.de\/en\/wp-json\/wp\/v2\/comments?post=2"}],"version-history":[{"count":9,"href":"https:\/\/ich-echo.de\/en\/wp-json\/wp\/v2\/pages\/2\/revisions"}],"predecessor-version":[{"id":2956,"href":"https:\/\/ich-echo.de\/en\/wp-json\/wp\/v2\/pages\/2\/revisions\/2956"}],"wp:featuredmedia":[{"embeddable":true,"href":"https:\/\/ich-echo.de\/en\/wp-json\/wp\/v2\/media\/105"}],"wp:attachment":[{"href":"https:\/\/ich-echo.de\/en\/wp-json\/wp\/v2\/media?parent=2"}],"curies":[{"name":"wp","href":"https:\/\/api.w.org\/{rel}","templated":true}]}}